{"id":17491,"date":"2026-03-26T10:58:00","date_gmt":"2026-03-26T10:58:00","guid":{"rendered":"https:\/\/loja.fernaopo.pt\/?post_type=product&#038;p=17491"},"modified":"2026-04-09T11:25:50","modified_gmt":"2026-04-09T11:25:50","slug":"pack-especial","status":"publish","type":"product","link":"https:\/\/loja.fernaopo.pt\/en\/loja\/conjuntos\/pack-especial\/","title":{"rendered":"PACK ESPECIAL"},"content":{"rendered":"","protected":false},"excerpt":{"rendered":"<p>Pack em caixa de cart\u00e3o perfeito para saborear alguns dos nossos vinhos composto por:<br \/>\n1 garrafa ASF Reserva Tinto<br \/>\n1 garrafa ASF Branco &#8220;Ignorado&#8221;<br \/>\n1 garrafa Fern\u00e3o P\u00f3 Moscatel de Set\u00fabal<\/p>\n<h5>Notas:<br \/>\n\u2022 Unidade 3 X 750ml (caixa de cart\u00e3o)<br \/>\n\u2022 Teor alco\u00f3lico: ASF Branco &#8220;Ignorado&#8221; 13%, ASF Reserva Tinto 14,5%, Fern\u00e3o P\u00f3 Moscatel de Set\u00fabal 18%<br \/>\n\u2022 Cont\u00e9m sulfitos<br \/>\n\u2022 Pre\u00e7o com IVA inclu\u00eddo<\/h5>\n","protected":false},"featured_media":17477,"comment_status":"open","ping_status":"closed","template":"","meta":{"_acf_changed":false},"product_cat":[82],"product_tag":[],"class_list":{"0":"post-17491","1":"product","2":"type-product","3":"status-publish","4":"has-post-thumbnail","6":"product_cat-conjuntos","8":"first","9":"instock","10":"shipping-taxable","11":"purchasable","12":"product-type-simple"},"acf":[],"yoast_head":"<!-- This site is optimized with the Yoast SEO plugin v22.5 - https:\/\/yoast.com\/wordpress\/plugins\/seo\/ -->\n<title>PACK ESPECIAL - Fern\u00e3o P\u00f3 - Loja<\/title>\n<meta name=\"robots\" content=\"index, follow, max-snippet:-1, max-image-preview:large, max-video-preview:-1\" \/>\n<link rel=\"canonical\" href=\"https:\/\/loja.fernaopo.pt\/loja\/conjuntos\/pack-especial\/\" \/>\n<meta property=\"og:locale\" content=\"en_US\" \/>\n<meta property=\"og:type\" content=\"article\" \/>\n<meta property=\"og:title\" content=\"PACK ESPECIAL - Fern\u00e3o P\u00f3 - Loja\" \/>\n<meta property=\"og:description\" content=\"Pack em caixa de cart\u00e3o perfeito para saborear alguns dos nossos vinhos composto por: 1 garrafa ASF Reserva Tinto 1 garrafa ASF Branco &quot;Ignorado&quot; 1 garrafa Fern\u00e3o P\u00f3 Moscatel de Set\u00fabal  Notas: \u2022 Unidade 3 X 750ml (caixa de cart\u00e3o) \u2022 Teor alco\u00f3lico: ASF Branco &quot;Ignorado&quot; 13%, ASF Reserva Tinto 14,5%, Fern\u00e3o P\u00f3 Moscatel de Set\u00fabal 18% \u2022 Cont\u00e9m sulfitos \u2022 Pre\u00e7o com IVA inclu\u00eddo\" \/>\n<meta property=\"og:url\" content=\"https:\/\/loja.fernaopo.pt\/loja\/conjuntos\/pack-especial\/\" \/>\n<meta property=\"og:site_name\" content=\"Fern\u00e3o P\u00f3 - Loja\" \/>\n<meta property=\"article:modified_time\" content=\"2026-04-09T11:25:50+00:00\" \/>\n<meta property=\"og:image\" content=\"https:\/\/loja.fernaopo.pt\/wp-content\/uploads\/2026\/03\/pack_especial_pascoa.webp\" \/>\n\t<meta property=\"og:image:width\" content=\"1200\" \/>\n\t<meta property=\"og:image:height\" content=\"1200\" \/>\n\t<meta property=\"og:image:type\" content=\"image\/webp\" \/>\n<meta name=\"twitter:card\" content=\"summary_large_image\" \/>\n<meta name=\"twitter:label1\" content=\"Est. reading time\" \/>\n\t<meta name=\"twitter:data1\" content=\"1 minute\" \/>\n<script type=\"application\/ld+json\" class=\"yoast-schema-graph\">{\"@context\":\"https:\/\/schema.org\",\"@graph\":[{\"@type\":\"WebPage\",\"@id\":\"https:\/\/loja.fernaopo.pt\/loja\/conjuntos\/pack-especial\/\",\"url\":\"https:\/\/loja.fernaopo.pt\/loja\/conjuntos\/pack-especial\/\",\"name\":\"PACK ESPECIAL - Fern\u00e3o P\u00f3 - Loja\",\"isPartOf\":{\"@id\":\"https:\/\/loja.fernaopo.pt\/#website\"},\"primaryImageOfPage\":{\"@id\":\"https:\/\/loja.fernaopo.pt\/loja\/conjuntos\/pack-especial\/#primaryimage\"},\"image\":{\"@id\":\"https:\/\/loja.fernaopo.pt\/loja\/conjuntos\/pack-especial\/#primaryimage\"},\"thumbnailUrl\":\"https:\/\/loja.fernaopo.pt\/wp-content\/uploads\/2026\/03\/pack_especial_pascoa.webp\",\"datePublished\":\"2026-03-26T10:58:00+00:00\",\"dateModified\":\"2026-04-09T11:25:50+00:00\",\"breadcrumb\":{\"@id\":\"https:\/\/loja.fernaopo.pt\/loja\/conjuntos\/pack-especial\/#breadcrumb\"},\"inLanguage\":\"en-US\",\"potentialAction\":[{\"@type\":\"ReadAction\",\"target\":[\"https:\/\/loja.fernaopo.pt\/loja\/conjuntos\/pack-especial\/\"]}]},{\"@type\":\"ImageObject\",\"inLanguage\":\"en-US\",\"@id\":\"https:\/\/loja.fernaopo.pt\/loja\/conjuntos\/pack-especial\/#primaryimage\",\"url\":\"https:\/\/loja.fernaopo.pt\/wp-content\/uploads\/2026\/03\/pack_especial_pascoa.webp\",\"contentUrl\":\"https:\/\/loja.fernaopo.pt\/wp-content\/uploads\/2026\/03\/pack_especial_pascoa.webp\",\"width\":1200,\"height\":1200},{\"@type\":\"BreadcrumbList\",\"@id\":\"https:\/\/loja.fernaopo.pt\/loja\/conjuntos\/pack-especial\/#breadcrumb\",\"itemListElement\":[{\"@type\":\"ListItem\",\"position\":1,\"name\":\"In\u00edcio\",\"item\":\"https:\/\/loja.fernaopo.pt\/\"},{\"@type\":\"ListItem\",\"position\":2,\"name\":\"Shop\",\"item\":\"https:\/\/loja.fernaopo.pt\/en\/shop\/\"},{\"@type\":\"ListItem\",\"position\":3,\"name\":\"PACK ESPECIAL\"}]},{\"@type\":\"WebSite\",\"@id\":\"https:\/\/loja.fernaopo.pt\/#website\",\"url\":\"https:\/\/loja.fernaopo.pt\/\",\"name\":\"Fern\u00e3o P\u00f3 - Loja\",\"description\":\"\",\"potentialAction\":[{\"@type\":\"SearchAction\",\"target\":{\"@type\":\"EntryPoint\",\"urlTemplate\":\"https:\/\/loja.fernaopo.pt\/?s={search_term_string}\"},\"query-input\":\"required name=search_term_string\"}],\"inLanguage\":\"en-US\"}]}<\/script>\n<!-- \/ Yoast SEO plugin. -->","yoast_head_json":{"title":"PACK ESPECIAL - Fern\u00e3o P\u00f3 - Loja","robots":{"index":"index","follow":"follow","max-snippet":"max-snippet:-1","max-image-preview":"max-image-preview:large","max-video-preview":"max-video-preview:-1"},"canonical":"https:\/\/loja.fernaopo.pt\/loja\/conjuntos\/pack-especial\/","og_locale":"en_US","og_type":"article","og_title":"PACK ESPECIAL - Fern\u00e3o P\u00f3 - Loja","og_description":"Pack em caixa de cart\u00e3o perfeito para saborear alguns dos nossos vinhos composto por: 1 garrafa ASF Reserva Tinto 1 garrafa ASF Branco \"Ignorado\" 1 garrafa Fern\u00e3o P\u00f3 Moscatel de Set\u00fabal  Notas: \u2022 Unidade 3 X 750ml (caixa de cart\u00e3o) \u2022 Teor alco\u00f3lico: ASF Branco \"Ignorado\" 13%, ASF Reserva Tinto 14,5%, Fern\u00e3o P\u00f3 Moscatel de Set\u00fabal 18% \u2022 Cont\u00e9m sulfitos \u2022 Pre\u00e7o com IVA inclu\u00eddo","og_url":"https:\/\/loja.fernaopo.pt\/loja\/conjuntos\/pack-especial\/","og_site_name":"Fern\u00e3o P\u00f3 - Loja","article_modified_time":"2026-04-09T11:25:50+00:00","og_image":[{"width":1200,"height":1200,"url":"https:\/\/loja.fernaopo.pt\/wp-content\/uploads\/2026\/03\/pack_especial_pascoa.webp","type":"image\/webp"}],"twitter_card":"summary_large_image","twitter_misc":{"Est. reading time":"1 minute"},"schema":{"@context":"https:\/\/schema.org","@graph":[{"@type":"WebPage","@id":"https:\/\/loja.fernaopo.pt\/loja\/conjuntos\/pack-especial\/","url":"https:\/\/loja.fernaopo.pt\/loja\/conjuntos\/pack-especial\/","name":"PACK ESPECIAL - Fern\u00e3o P\u00f3 - Loja","isPartOf":{"@id":"https:\/\/loja.fernaopo.pt\/#website"},"primaryImageOfPage":{"@id":"https:\/\/loja.fernaopo.pt\/loja\/conjuntos\/pack-especial\/#primaryimage"},"image":{"@id":"https:\/\/loja.fernaopo.pt\/loja\/conjuntos\/pack-especial\/#primaryimage"},"thumbnailUrl":"https:\/\/loja.fernaopo.pt\/wp-content\/uploads\/2026\/03\/pack_especial_pascoa.webp","datePublished":"2026-03-26T10:58:00+00:00","dateModified":"2026-04-09T11:25:50+00:00","breadcrumb":{"@id":"https:\/\/loja.fernaopo.pt\/loja\/conjuntos\/pack-especial\/#breadcrumb"},"inLanguage":"en-US","potentialAction":[{"@type":"ReadAction","target":["https:\/\/loja.fernaopo.pt\/loja\/conjuntos\/pack-especial\/"]}]},{"@type":"ImageObject","inLanguage":"en-US","@id":"https:\/\/loja.fernaopo.pt\/loja\/conjuntos\/pack-especial\/#primaryimage","url":"https:\/\/loja.fernaopo.pt\/wp-content\/uploads\/2026\/03\/pack_especial_pascoa.webp","contentUrl":"https:\/\/loja.fernaopo.pt\/wp-content\/uploads\/2026\/03\/pack_especial_pascoa.webp","width":1200,"height":1200},{"@type":"BreadcrumbList","@id":"https:\/\/loja.fernaopo.pt\/loja\/conjuntos\/pack-especial\/#breadcrumb","itemListElement":[{"@type":"ListItem","position":1,"name":"In\u00edcio","item":"https:\/\/loja.fernaopo.pt\/"},{"@type":"ListItem","position":2,"name":"Shop","item":"https:\/\/loja.fernaopo.pt\/en\/shop\/"},{"@type":"ListItem","position":3,"name":"PACK ESPECIAL"}]},{"@type":"WebSite","@id":"https:\/\/loja.fernaopo.pt\/#website","url":"https:\/\/loja.fernaopo.pt\/","name":"Fern\u00e3o P\u00f3 - Loja","description":"","potentialAction":[{"@type":"SearchAction","target":{"@type":"EntryPoint","urlTemplate":"https:\/\/loja.fernaopo.pt\/?s={search_term_string}"},"query-input":"required name=search_term_string"}],"inLanguage":"en-US"}]}},"_links":{"self":[{"href":"https:\/\/loja.fernaopo.pt\/en\/wp-json\/wp\/v2\/product\/17491","targetHints":{"allow":["GET"]}}],"collection":[{"href":"https:\/\/loja.fernaopo.pt\/en\/wp-json\/wp\/v2\/product"}],"about":[{"href":"https:\/\/loja.fernaopo.pt\/en\/wp-json\/wp\/v2\/types\/product"}],"replies":[{"embeddable":true,"href":"https:\/\/loja.fernaopo.pt\/en\/wp-json\/wp\/v2\/comments?post=17491"}],"version-history":[{"count":3,"href":"https:\/\/loja.fernaopo.pt\/en\/wp-json\/wp\/v2\/product\/17491\/revisions"}],"predecessor-version":[{"id":17498,"href":"https:\/\/loja.fernaopo.pt\/en\/wp-json\/wp\/v2\/product\/17491\/revisions\/17498"}],"wp:featuredmedia":[{"embeddable":true,"href":"https:\/\/loja.fernaopo.pt\/en\/wp-json\/wp\/v2\/media\/17477"}],"wp:attachment":[{"href":"https:\/\/loja.fernaopo.pt\/en\/wp-json\/wp\/v2\/media?parent=17491"}],"wp:term":[{"taxonomy":"product_cat","embeddable":true,"href":"https:\/\/loja.fernaopo.pt\/en\/wp-json\/wp\/v2\/product_cat?post=17491"},{"taxonomy":"product_tag","embeddable":true,"href":"https:\/\/loja.fernaopo.pt\/en\/wp-json\/wp\/v2\/product_tag?post=17491"}],"curies":[{"name":"wp","href":"https:\/\/api.w.org\/{rel}","templated":true}]}}